{"id":16,"date":"2014-04-21T03:58:33","date_gmt":"2014-04-21T01:58:33","guid":{"rendered":"https:\/\/123.familienzentrum-hochschulviertel.de\/?page_id=16"},"modified":"2025-05-23T08:07:28","modified_gmt":"2025-05-23T07:07:28","slug":"uber","status":"publish","type":"page","link":"https:\/\/123.familienzentrum-hochschulviertel.de\/?page_id=16","title":{"rendered":"\u00dcber uns"},"content":{"rendered":"\n<p class=\"has-medium-font-size\"><\/p>\n\n\n\n<figure class=\"wp-block-gallery has-nested-images columns-default is-cropped wp-block-gallery-2 is-layout-flex wp-block-gallery-is-layout-flex\">\n<figure class=\"wp-block-image size-large\"><a href=\"http:\/\/123.familienzentrum-hochschulviertel.de\/wp-content\/uploads\/2014\/11\/Kinderoase1.jpg\"><img loading=\"lazy\" decoding=\"async\" width=\"1024\" height=\"682\" data-id=\"91\" src=\"http:\/\/123.familienzentrum-hochschulviertel.de\/wp-content\/uploads\/2014\/11\/Kinderoase1-1024x682.jpg\" alt=\"\" class=\"wp-image-91\" srcset=\"https:\/\/123.familienzentrum-hochschulviertel.de\/wp-content\/uploads\/2014\/11\/Kinderoase1-1024x682.jpg 1024w, https:\/\/123.familienzentrum-hochschulviertel.de\/wp-content\/uploads\/2014\/11\/Kinderoase1-300x200.jpg 300w\" sizes=\"auto, (max-width: 1024px) 100vw, 1024px\" \/><\/a><figcaption class=\"wp-element-caption\">Kinderoase Tondernstra\u00dfe<\/figcaption><\/figure>\n\n\n\n<figure class=\"wp-block-image size-large wp-duotone-unset-1\"><a href=\"http:\/\/123.familienzentrum-hochschulviertel.de\/wp-content\/uploads\/2014\/04\/kinderoase-banner-large.png\"><img loading=\"lazy\" decoding=\"async\" width=\"250\" height=\"171\" data-id=\"10\" src=\"http:\/\/123.familienzentrum-hochschulviertel.de\/wp-content\/uploads\/2014\/04\/kinderoase-banner-large.png\" alt=\"\" class=\"wp-image-10\"\/><\/a><\/figure>\n<\/figure>\n\n\n\n<div style=\"height:30px\" aria-hidden=\"true\" class=\"wp-block-spacer\"><\/div>\n\n\n\n<figure class=\"wp-block-gallery has-nested-images columns-default is-cropped wp-block-gallery-3 is-layout-flex wp-block-gallery-is-layout-flex\">\n<figure class=\"wp-block-image size-large\"><a href=\"http:\/\/123.familienzentrum-hochschulviertel.de\/wp-content\/uploads\/2025\/05\/Eingang-Duempel-1-1.jpg\"><img loading=\"lazy\" decoding=\"async\" width=\"640\" height=\"480\" data-id=\"258\" src=\"http:\/\/123.familienzentrum-hochschulviertel.de\/wp-content\/uploads\/2025\/05\/Eingang-Duempel-1-1.jpg\" alt=\"\" class=\"wp-image-258\" srcset=\"https:\/\/123.familienzentrum-hochschulviertel.de\/wp-content\/uploads\/2025\/05\/Eingang-Duempel-1-1.jpg 640w, https:\/\/123.familienzentrum-hochschulviertel.de\/wp-content\/uploads\/2025\/05\/Eingang-Duempel-1-1-300x225.jpg 300w\" sizes=\"auto, (max-width: 640px) 100vw, 640px\" \/><\/a><figcaption class=\"wp-element-caption\">\u00d6kum.Kindertagesst\u00e4tte Haldener Kirchenm\u00e4use<\/figcaption><\/figure>\n\n\n\n<figure class=\"wp-block-image size-large\"><a href=\"http:\/\/123.familienzentrum-hochschulviertel.de\/wp-content\/uploads\/2025\/05\/oekumenischerKita.png\"><img loading=\"lazy\" decoding=\"async\" width=\"500\" height=\"450\" data-id=\"242\" src=\"http:\/\/123.familienzentrum-hochschulviertel.de\/wp-content\/uploads\/2025\/05\/oekumenischerKita.png\" alt=\"\" class=\"wp-image-242\" srcset=\"https:\/\/123.familienzentrum-hochschulviertel.de\/wp-content\/uploads\/2025\/05\/oekumenischerKita.png 500w, https:\/\/123.familienzentrum-hochschulviertel.de\/wp-content\/uploads\/2025\/05\/oekumenischerKita-300x270.png 300w\" sizes=\"auto, (max-width: 500px) 100vw, 500px\" \/><\/a><\/figure>\n<\/figure>\n\n\n\n<div style=\"height:30px\" aria-hidden=\"true\" class=\"wp-block-spacer\"><\/div>\n\n\n\n<figure class=\"wp-block-gallery has-nested-images columns-default is-cropped wp-block-gallery-4 is-layout-flex wp-block-gallery-is-layout-flex\">\n<figure class=\"wp-block-image size-large\"><a href=\"http:\/\/123.familienzentrum-hochschulviertel.de\/wp-content\/uploads\/2015\/04\/WP_20140912_0012.jpg\"><img loading=\"lazy\" decoding=\"async\" width=\"1024\" height=\"575\" data-id=\"173\" src=\"http:\/\/123.familienzentrum-hochschulviertel.de\/wp-content\/uploads\/2015\/04\/WP_20140912_0012-1024x575.jpg\" alt=\"\" class=\"wp-image-173\" srcset=\"https:\/\/123.familienzentrum-hochschulviertel.de\/wp-content\/uploads\/2015\/04\/WP_20140912_0012-1024x575.jpg 1024w, https:\/\/123.familienzentrum-hochschulviertel.de\/wp-content\/uploads\/2015\/04\/WP_20140912_0012-300x169.jpg 300w\" sizes=\"auto, (max-width: 1024px) 100vw, 1024px\" \/><\/a><figcaption class=\"wp-element-caption\">Bewegungs- Kindertagesst\u00e4tte- Matth\u00e4us<\/figcaption><\/figure>\n\n\n\n<figure class=\"wp-block-image size-full\"><a href=\"http:\/\/123.familienzentrum-hochschulviertel.de\/wp-content\/uploads\/2025\/05\/matthaeus-Kita.png\"><img loading=\"lazy\" decoding=\"async\" width=\"500\" height=\"408\" data-id=\"243\" src=\"http:\/\/123.familienzentrum-hochschulviertel.de\/wp-content\/uploads\/2025\/05\/matthaeus-Kita.png\" alt=\"\" class=\"wp-image-243\" srcset=\"https:\/\/123.familienzentrum-hochschulviertel.de\/wp-content\/uploads\/2025\/05\/matthaeus-Kita.png 500w, https:\/\/123.familienzentrum-hochschulviertel.de\/wp-content\/uploads\/2025\/05\/matthaeus-Kita-300x245.png 300w\" sizes=\"auto, (max-width: 500px) 100vw, 500px\" \/><\/a><\/figure>\n<\/figure>\n\n\n\n<div style=\"height:60px\" aria-hidden=\"true\" class=\"wp-block-spacer\"><\/div>\n\n\n\n<p class=\"has-medium-font-size\"><strong>Das Familienzentrum Hochschulviertel \u2013 Gemeinsam f\u00fcr Familien im Stadtteil<\/strong><\/p>\n\n\n\n<p style=\"font-size:16px\">Das Familienzentrum Hochschulviertel ist ein Verbund bestehend aus der st\u00e4dtischen Kinderoase Tondernstra\u00dfe, der Bewegungs-Kindertagesst\u00e4tte Matth\u00e4us und der \u00f6kumenischen Kindertagesst\u00e4tte Haldener Kirchenm\u00e4use. Wir arbeiten tr\u00e4ger\u00fcbergreifend und m\u00f6chten Menschen unterschiedlicher Religion und Herkunft in unserem Stadtteil ansprechen. Dazu analysieren wir regelm\u00e4\u00dfig welche Bedarfe die verschiedenen Generationen in unserm Umfeld ben\u00f6tigen. Die Angebotsstruktur unseres Familienzentrums ist bewusst niederschwellig und dynamisch. Wir m\u00f6chten Rahmenbedingungen schaffen, um Familien in ihren vielf\u00e4ltigen Aufgaben zu unterst\u00fctzen!<\/p>\n\n\n\n<p><ins datetime=\"2024-06-26T12:35:48+00:00\"><\/ins><\/p>\n","protected":false},"excerpt":{"rendered":"<p>Das Familienzentrum Hochschulviertel \u2013 Gemeinsam f\u00fcr Familien im Stadtteil Das Familienzentrum Hochschulviertel ist ein Verbund bestehend aus der st\u00e4dtischen Kinderoase Tondernstra\u00dfe, der Bewegungs-Kindertagesst\u00e4tte Matth\u00e4us und der \u00f6kumenischen Kindertagesst\u00e4tte Haldener Kirchenm\u00e4use. Wir arbeiten tr\u00e4ger\u00fcbergreifend und m\u00f6chten Menschen unterschiedlicher Religion und Herkunft in unserem Stadtteil ansprechen. Dazu analysieren wir regelm\u00e4\u00dfig welche Bedarfe die verschiedenen Generationen in unserm [&hellip;]<\/p>\n","protected":false},"author":1,"featured_media":0,"parent":0,"menu_order":6,"comment_status":"closed","ping_status":"closed","template":"","meta":{"footnotes":""},"class_list":["post-16","page","type-page","status-publish","hentry"],"_links":{"self":[{"href":"https:\/\/123.familienzentrum-hochschulviertel.de\/index.php?rest_route=\/wp\/v2\/pages\/16","targetHints":{"allow":["GET"]}}],"collection":[{"href":"https:\/\/123.familienzentrum-hochschulviertel.de\/index.php?rest_route=\/wp\/v2\/pages"}],"about":[{"href":"https:\/\/123.familienzentrum-hochschulviertel.de\/index.php?rest_route=\/wp\/v2\/types\/page"}],"author":[{"embeddable":true,"href":"https:\/\/123.familienzentrum-hochschulviertel.de\/index.php?rest_route=\/wp\/v2\/users\/1"}],"replies":[{"embeddable":true,"href":"https:\/\/123.familienzentrum-hochschulviertel.de\/index.php?rest_route=%2Fwp%2Fv2%2Fcomments&post=16"}],"version-history":[{"count":11,"href":"https:\/\/123.familienzentrum-hochschulviertel.de\/index.php?rest_route=\/wp\/v2\/pages\/16\/revisions"}],"predecessor-version":[{"id":299,"href":"https:\/\/123.familienzentrum-hochschulviertel.de\/index.php?rest_route=\/wp\/v2\/pages\/16\/revisions\/299"}],"wp:attachment":[{"href":"https:\/\/123.familienzentrum-hochschulviertel.de\/index.php?rest_route=%2Fwp%2Fv2%2Fmedia&parent=16"}],"curies":[{"name":"wp","href":"https:\/\/api.w.org\/{rel}","templated":true}]}}