{"id":17,"date":"2014-04-21T03:58:34","date_gmt":"2014-04-21T01:58:34","guid":{"rendered":"https:\/\/123.familienzentrum-hochschulviertel.de\/?page_id=17"},"modified":"2025-05-23T08:11:05","modified_gmt":"2025-05-23T07:11:05","slug":"angebote","status":"publish","type":"page","link":"https:\/\/123.familienzentrum-hochschulviertel.de\/?page_id=17","title":{"rendered":"Angebote"},"content":{"rendered":"\n<ul class=\"wp-block-list\">\n<li style=\"font-size:16px\">Regelm\u00e4\u00dfige offene Sprechstunden<\/li>\n\n\n\n<li style=\"font-size:16px\">Regelm\u00e4\u00dfige Elternabende\/Elternnachmittage<\/li>\n\n\n\n<li style=\"font-size:16px\">Bewegungsf\u00f6rderung in Kooperation mit Sportvereinen<\/li>\n\n\n\n<li style=\"font-size:16px\">Gesundheitsf\u00f6rderung in Kooperation mit der Ern\u00e4hrungsberatung und Kinder\u00e4rzten<\/li>\n\n\n\n<li style=\"font-size:16px\">Kurse f\u00fcr Babymassage<\/li>\n\n\n\n<li style=\"font-size:16px\">Kleinkindspielgruppen<\/li>\n\n\n\n<li style=\"font-size:16px\">Angebote f\u00fcr die Vereinbarkeit von Familie und Beruf<\/li>\n<\/ul>\n\n\n\n<p>&nbsp;<\/p>\n\n\n\n<h4 class=\"wp-block-heading\" style=\"font-size:20px\"><span style=\"text-decoration: underline;\">Beratung und Unterst\u00fctzung von Familien<\/span><\/h4>\n\n\n\n<p style=\"font-size:16px\">Unser Familienzentrum verf\u00fcgt \u00fcber ein Verzeichnis von Beratungs- und Therapiem\u00f6glichkeiten, sowie eine \u00dcbersicht zu Angeboten zur Gesundheits- und Bewegungsf\u00f6rderung in unserer Umgebung.<\/p>\n\n\n\n<p style=\"font-size:16px\">Wir arbeiten mit Einrichtungen zusammen, welche die Beratung und Unterst\u00fctzung von Familien gew\u00e4hrleisten. Wir stellen f\u00fcr die Familien Kontakt zu den einzelnen Einrichtungen her und begleiten sie den gesamten Prozess, von der Kontaktaufnahme bis zum Abschluss.<\/p>\n\n\n\n<p style=\"font-size:16px\">Es finden regelm\u00e4\u00dfig offene Sprechstunden statt, in denen die Familien in unserem Sozialraum Kontakt zu unseren einzelnen Kooperationspartnern kn\u00fcpfen k\u00f6nnen.<\/p>\n\n\n\n<p>&nbsp;<\/p>\n\n\n\n<p>&nbsp;<\/p>\n\n\n\n<h4 class=\"wp-block-heading\" style=\"font-size:20px\"><span style=\"text-decoration: underline;\">Angebote der Eltern- und Familienbildung<\/span><\/h4>\n\n\n\n<p style=\"font-size:16px\">Wir verf\u00fcgen \u00fcber ein aktuelles Verzeichnis der Familienbildung in unserer Region.<\/p>\n\n\n\n<p style=\"font-size:16px\">Durch Elternanregungen und regelm\u00e4\u00dfiger Bedarfsanalyse halten wir ein vielf\u00e4ltiges Angebot an Familien- und Elternbildungskursen vor. Ein gro\u00dfer Teil der Kurse beinhaltet die St\u00e4rkung der Erziehungskompetenz.<\/p>\n\n\n\n<p style=\"font-size:16px\">Auch im Bereich der Familienbildung verf\u00fcgen wir \u00fcber einen gro\u00dfen Pool an Kooperationspartnern, mit denen wir im regelm\u00e4\u00dfigen Austausch stehen.<\/p>\n\n\n\n<p style=\"font-size:16px\">&nbsp;<\/p>\n\n\n\n<h4 class=\"wp-block-heading\" style=\"font-size:20px\"><span style=\"text-decoration: underline;\">Kindertagespflege<\/span><\/h4>\n\n\n\n<p style=\"font-size:16px\">Wir organisieren die Vermittlung von Tagespflegepersonen in Kooperation mit dem Sozialdienst katholischer Frauen und der Caritas. Unser Familienzentrum ber\u00e4t und unterst\u00fctzt Familien bei der Suche nach Tagespflegepersonen.<\/p>\n\n\n\n<p style=\"font-size:16px\">In Zusammenarbeit mit unseren Kooperationspartnern, unter anderem die Hildegardisschule, verf\u00fcgen wir \u00fcber einen Pool an Babysittern, die zuvor in unserer Einrichtung Erfahrung im Umgang mit Kleinkindern sammeln konnten.<\/p>\n\n\n\n<p>&nbsp;<\/p>\n\n\n\n<h4 class=\"wp-block-heading\" style=\"font-size:20px\"><span style=\"text-decoration: underline;\">Vereinbarkeit von Familie und Beruf<\/span><\/h4>\n\n\n\n<p style=\"font-size:16px\">Unser Familienzentrum unterst\u00fctzt die Vereinbarkeit von Familie und Beruf. Der zeitliche Betreuungsbedarf wird j\u00e4hrlich abgefragt und gegeben falls angepasst.<\/p>\n\n\n\n<p style=\"font-size:16px\">F\u00fcr Eltern mit Betreuungsbedarf au\u00dferhalb unserer \u00d6ffnungszeiten organisieren wir eine Beratung.<\/p>\n\n\n\n<p style=\"font-size:16px\">Wir organisieren f\u00fcr alle Kinder, deren Eltern dies w\u00fcnschen ein warmes Mittagessen.<\/p>\n\n\n\n<p style=\"font-size:16px\">Eine Notfallbetreuung f\u00fcr Kinder, deren Geschwister das Familienzentrum besuchen wird durch uns sicher gestellt. Dies gilt ebenfalls f\u00fcr die Notfallbetreuung einrichtungsfremder Kinder in unserm Sozialraum.<\/p>\n","protected":false},"excerpt":{"rendered":"<p>&nbsp; Beratung und Unterst\u00fctzung von Familien Unser Familienzentrum verf\u00fcgt \u00fcber ein Verzeichnis von Beratungs- und Therapiem\u00f6glichkeiten, sowie eine \u00dcbersicht zu Angeboten zur Gesundheits- und Bewegungsf\u00f6rderung in unserer Umgebung. Wir arbeiten mit Einrichtungen zusammen, welche die Beratung und Unterst\u00fctzung von Familien gew\u00e4hrleisten. Wir stellen f\u00fcr die Familien Kontakt zu den einzelnen Einrichtungen her und begleiten sie [&hellip;]<\/p>\n","protected":false},"author":1,"featured_media":0,"parent":0,"menu_order":7,"comment_status":"closed","ping_status":"open","template":"","meta":{"footnotes":""},"class_list":["post-17","page","type-page","status-publish","hentry"],"_links":{"self":[{"href":"https:\/\/123.familienzentrum-hochschulviertel.de\/index.php?rest_route=\/wp\/v2\/pages\/17","targetHints":{"allow":["GET"]}}],"collection":[{"href":"https:\/\/123.familienzentrum-hochschulviertel.de\/index.php?rest_route=\/wp\/v2\/pages"}],"about":[{"href":"https:\/\/123.familienzentrum-hochschulviertel.de\/index.php?rest_route=\/wp\/v2\/types\/page"}],"author":[{"embeddable":true,"href":"https:\/\/123.familienzentrum-hochschulviertel.de\/index.php?rest_route=\/wp\/v2\/users\/1"}],"replies":[{"embeddable":true,"href":"https:\/\/123.familienzentrum-hochschulviertel.de\/index.php?rest_route=%2Fwp%2Fv2%2Fcomments&post=17"}],"version-history":[{"count":4,"href":"https:\/\/123.familienzentrum-hochschulviertel.de\/index.php?rest_route=\/wp\/v2\/pages\/17\/revisions"}],"predecessor-version":[{"id":301,"href":"https:\/\/123.familienzentrum-hochschulviertel.de\/index.php?rest_route=\/wp\/v2\/pages\/17\/revisions\/301"}],"wp:attachment":[{"href":"https:\/\/123.familienzentrum-hochschulviertel.de\/index.php?rest_route=%2Fwp%2Fv2%2Fmedia&parent=17"}],"curies":[{"name":"wp","href":"https:\/\/api.w.org\/{rel}","templated":true}]}}