{"id":18,"date":"2014-04-21T03:58:35","date_gmt":"2014-04-21T01:58:35","guid":{"rendered":"https:\/\/123.familienzentrum-hochschulviertel.de\/?page_id=18"},"modified":"2024-06-26T13:34:20","modified_gmt":"2024-06-26T12:34:20","slug":"kooperationspartner","status":"publish","type":"page","link":"https:\/\/123.familienzentrum-hochschulviertel.de\/?page_id=18","title":{"rendered":"Kooperationspartner"},"content":{"rendered":"<table border=\"1\" width=\"100%\">\n<tbody>\n<tr align=\"center\" valign=\"TOP\">\n<td width=\"33,33%\"><strong>Einrichtung<\/strong><\/td>\n<td width=\"33,33%\"><strong>Adresse<\/strong><\/td>\n<td width=\"33,33%\"><strong>Ansprechpartner<\/strong><\/td>\n<\/tr>\n<tr valign=\"TOP\">\n<td><strong>Hebamme <\/strong><\/td>\n<td>Kita Tondernstr.<br \/>\n58093 Hagen<\/td>\n<td>Frau Dahlhaus<\/td>\n<\/tr>\n<tr valign=\"TOP\">\n<td><strong>Caritas<\/strong><\/td>\n<td>Fachdienst KindertagespflegeCaritasverband Hagen e.V.Hochstra\u00dfe.83 a58095 Hagen<\/td>\n<td>Frau Kollbach<\/td>\n<\/tr>\n<tr valign=\"TOP\">\n<td><strong>Kinderschutzbund<\/strong><\/td>\n<td>Deutscher KinderschutzbundOrtsverband Hagen e.v.Potthofstr.2058095 Hagen<\/td>\n<td>Frau Kiefer<\/td>\n<\/tr>\n<tr valign=\"TOP\">\n<td><strong>Karl Ernst Osthaus Grundschule<\/strong><\/td>\n<td>St\u00e4dt. GemeinschaftsgrundschuleL\u00fctzowstr. 121,58095 HagenBerchumer Str. 63,58093 Hagen<\/td>\n<td>Frau Krau\u00df<\/td>\n<\/tr>\n<tr valign=\"TOP\">\n<td><strong>SKF<\/strong><\/td>\n<td>Sozialdienst katholische Frauen e.V.F\u00fcr den Fachbereich KindertagespflegeHochstra\u00dfe.83 b58095 Hagen<\/td>\n<td>Frau Knura<\/td>\n<\/tr>\n<tr valign=\"TOP\">\n<td><strong>Familienbildung<\/strong><\/td>\n<td>Ev. Familienbildung HagenIn Tr\u00e4gerschaftder Ev. Dreifaltigkeitsgemeinde HagenEppenhauser Stra\u00dfe.15258093 Hagen<\/td>\n<td>Frau Schr\u00f6er-Navabpour<\/td>\n<\/tr>\n<tr valign=\"TOP\">\n<td><strong>AOK Stiftung Kindergesundheit<\/strong><\/td>\n<td><\/td>\n<td>Frau T\u00f6nges<\/td>\n<\/tr>\n<tr valign=\"TOP\">\n<td><strong>Zahnarzt Dr. Dowerk<br \/>\n<\/strong><\/td>\n<td>Kinkelstr.\u00a0 29A<br \/>\n58097 Hagen<\/td>\n<td>Dr. Dowerk<\/td>\n<\/tr>\n<tr valign=\"TOP\">\n<td><strong>Beratungsstelle Zeitraum<\/strong><\/td>\n<td>D\u00f6dterstra\u00dfe 1058095 Hagen<\/td>\n<td>Frau Klees<\/td>\n<\/tr>\n<tr valign=\"TOP\">\n<td><strong>Altenheim Wohlbehagen<\/strong><\/td>\n<td>Pflegeheim WohlbehagenBerchumerstr.558093 Hagen<\/td>\n<td>Herr Kunz<\/td>\n<\/tr>\n<tr valign=\"TOP\">\n<td><strong>Polizei Hohenleye<\/strong><\/td>\n<td>Hoheleye 358093 Hagen<\/td>\n<td>Herr Vrba<\/td>\n<\/tr>\n<tr valign=\"TOP\">\n<td><strong>Hildegardis Gymnasium<\/strong><\/td>\n<td>Hildegardis SchuleZehlendorferstr.1958097 Hagen<\/td>\n<td>Frau Schiffgens<\/td>\n<\/tr>\n<tr valign=\"TOP\">\n<td><strong>Musikschule<\/strong><\/td>\n<td>Max-Reger-MusikschuleD\u00f6dterstr. 1058095 Hagen-Mittelstadt<\/td>\n<td>Frau Neuh\u00e4user<\/td>\n<\/tr>\n<tr valign=\"TOP\">\n<td><strong>Selbsthilfegruppe Autismus<br \/>\n<\/strong><\/td>\n<td>Schwelmst\u00fcck 5<br \/>\n58093 Hagen<\/td>\n<td>Frau Wi\u00dfer<\/td>\n<\/tr>\n<tr valign=\"TOP\">\n<td><strong>Postsv-Hagen<\/strong><\/td>\n<td>58093 Hagen<\/td>\n<td>Daniel Schwebe<\/td>\n<\/tr>\n<\/tbody>\n<\/table>\n","protected":false},"excerpt":{"rendered":"<p>Einrichtung Adresse Ansprechpartner Hebamme Kita Tondernstr. 58093 Hagen Frau Dahlhaus Caritas Fachdienst KindertagespflegeCaritasverband Hagen e.V.Hochstra\u00dfe.83 a58095 Hagen Frau Kollbach Kinderschutzbund Deutscher KinderschutzbundOrtsverband Hagen e.v.Potthofstr.2058095 Hagen Frau Kiefer Karl Ernst Osthaus Grundschule St\u00e4dt. GemeinschaftsgrundschuleL\u00fctzowstr. 121,58095 HagenBerchumer Str. 63,58093 Hagen Frau Krau\u00df SKF Sozialdienst katholische Frauen e.V.F\u00fcr den Fachbereich KindertagespflegeHochstra\u00dfe.83 b58095 Hagen Frau Knura Familienbildung Ev. Familienbildung [&hellip;]<\/p>\n","protected":false},"author":1,"featured_media":0,"parent":0,"menu_order":8,"comment_status":"closed","ping_status":"open","template":"","meta":{"footnotes":""},"class_list":["post-18","page","type-page","status-publish","hentry"],"_links":{"self":[{"href":"https:\/\/123.familienzentrum-hochschulviertel.de\/index.php?rest_route=\/wp\/v2\/pages\/18","targetHints":{"allow":["GET"]}}],"collection":[{"href":"https:\/\/123.familienzentrum-hochschulviertel.de\/index.php?rest_route=\/wp\/v2\/pages"}],"about":[{"href":"https:\/\/123.familienzentrum-hochschulviertel.de\/index.php?rest_route=\/wp\/v2\/types\/page"}],"author":[{"embeddable":true,"href":"https:\/\/123.familienzentrum-hochschulviertel.de\/index.php?rest_route=\/wp\/v2\/users\/1"}],"replies":[{"embeddable":true,"href":"https:\/\/123.familienzentrum-hochschulviertel.de\/index.php?rest_route=%2Fwp%2Fv2%2Fcomments&post=18"}],"version-history":[{"count":15,"href":"https:\/\/123.familienzentrum-hochschulviertel.de\/index.php?rest_route=\/wp\/v2\/pages\/18\/revisions"}],"predecessor-version":[{"id":302,"href":"https:\/\/123.familienzentrum-hochschulviertel.de\/index.php?rest_route=\/wp\/v2\/pages\/18\/revisions\/302"}],"wp:attachment":[{"href":"https:\/\/123.familienzentrum-hochschulviertel.de\/index.php?rest_route=%2Fwp%2Fv2%2Fmedia&parent=18"}],"curies":[{"name":"wp","href":"https:\/\/api.w.org\/{rel}","templated":true}]}}